{"id":2998,"date":"2020-09-19T22:10:27","date_gmt":"2020-09-20T03:10:27","guid":{"rendered":"http:\/\/blog.terratronit.com.mx\/?page_id=2998"},"modified":"2020-10-05T11:52:00","modified_gmt":"2020-10-05T16:52:00","slug":"reto-21-dias","status":"publish","type":"page","link":"https:\/\/www.terratronit.com.mx\/blog\/reto-21-dias\/","title":{"rendered":"Reto 21 d\u00edas"},"content":{"rendered":"\n<div class=\"wp-block-image\"><figure class=\"aligncenter\"><img width=\"1024\" height=\"450\" src=\"https:\/\/www.terratronit.com.mx\/blog\/wp-content\/themes\/newsmag\/assets\/images\/picture_placeholder_list.jpg\" data-src=\"https:\/\/www.terratronit.com.mx\/blog\/\/wp-content\/uploads\/2020\/09\/bg_ventas-1024x450.jpg\" alt=\"RETO 21 D\u00cdAS, 21 VIDEOS\" class=\"blazy wp-image-2944\" srcset=\"https:\/\/www.terratronit.com.mx\/blog\/wp-content\/uploads\/2020\/09\/bg_ventas.jpg 1024w, https:\/\/www.terratronit.com.mx\/blog\/wp-content\/uploads\/2020\/09\/bg_ventas-300x132.jpg 300w, https:\/\/www.terratronit.com.mx\/blog\/wp-content\/uploads\/2020\/09\/bg_ventas-768x338.jpg 768w\" sizes=\"(max-width: 1024px) 100vw, 1024px\" \/><noscript><img width=\"1024\" height=\"450\" src=\"https:\/\/www.terratronit.com.mx\/blog\/\/wp-content\/uploads\/2020\/09\/bg_ventas-1024x450.jpg\" alt=\"RETO 21 D\u00cdAS, 21 VIDEOS\" class=\"wp-image-2944\" srcset=\"https:\/\/www.terratronit.com.mx\/blog\/wp-content\/uploads\/2020\/09\/bg_ventas.jpg 1024w, https:\/\/www.terratronit.com.mx\/blog\/wp-content\/uploads\/2020\/09\/bg_ventas-300x132.jpg 300w, https:\/\/www.terratronit.com.mx\/blog\/wp-content\/uploads\/2020\/09\/bg_ventas-768x338.jpg 768w\" sizes=\"(max-width: 1024px) 100vw, 1024px\" \/><\/noscript><\/figure><\/div>\n\n\n\n<div class=\"wp-container-4 wp-block-columns has-3-columns\">\n<div class=\"wp-container-1 wp-block-column\">\n<figure class=\"wp-block-embed-youtube wp-block-embed is-type-video is-provider-youtube wp-embed-aspect-16-9 wp-has-aspect-ratio\"><div class=\"wp-block-embed__wrapper\">\n<div class=\"newsmag-video-container\"><iframe title=\"D\u00eda 1 Google Trends\" width=\"600\" height=\"338\" src=\"https:\/\/www.youtube.com\/embed\/GYa8X3kIze4?feature=oembed\" frameborder=\"0\" allow=\"accelerometer; autoplay; clipboard-write; encrypted-media; gyroscope; picture-in-picture\" allowfullscreen><\/iframe><\/div>\n<\/div><figcaption>Explora Google Trends <a rel=\"noreferrer noopener\" aria-label=\"aqu\u00ed (abre en una nueva pesta\u00f1a)\" href=\"https:\/\/trends.google.es\/trends\/?geo=MX\" target=\"_blank\">aqu\u00ed<\/a> y publica<\/figcaption><\/figure>\n\n\n\n<figure class=\"wp-block-embed-youtube wp-block-embed is-type-video is-provider-youtube wp-embed-aspect-16-9 wp-has-aspect-ratio\"><div class=\"wp-block-embed__wrapper\">\n<div class=\"newsmag-video-container\"><iframe title=\"D\u00eda 4 \u00bfFacebook o Google para publicitarte?\" width=\"600\" height=\"338\" src=\"https:\/\/www.youtube.com\/embed\/wvwqlkyMavY?feature=oembed\" frameborder=\"0\" allow=\"accelerometer; autoplay; clipboard-write; encrypted-media; gyroscope; picture-in-picture\" allowfullscreen><\/iframe><\/div>\n<\/div><\/figure>\n\n\n\n<figure class=\"wp-block-embed-youtube wp-block-embed is-type-video is-provider-youtube wp-embed-aspect-16-9 wp-has-aspect-ratio\"><div class=\"wp-block-embed__wrapper\">\n<div class=\"newsmag-video-container\"><iframe title=\"D\u00eda 7 Dominio MX\" width=\"600\" height=\"338\" src=\"https:\/\/www.youtube.com\/embed\/aKvwrPL2GH4?feature=oembed\" frameborder=\"0\" allow=\"accelerometer; autoplay; clipboard-write; encrypted-media; gyroscope; picture-in-picture\" allowfullscreen><\/iframe><\/div>\n<\/div><\/figure>\n<\/div>\n\n\n\n<div class=\"wp-container-2 wp-block-column\">\n<figure class=\"wp-block-embed-youtube wp-block-embed is-type-video is-provider-youtube wp-embed-aspect-16-9 wp-has-aspect-ratio\"><div class=\"wp-block-embed__wrapper\">\n<div class=\"newsmag-video-container\"><iframe title=\"D\u00eda 2 Google Mi Negocio\" width=\"600\" height=\"338\" src=\"https:\/\/www.youtube.com\/embed\/FPymciBUXAc?feature=oembed\" frameborder=\"0\" allow=\"accelerometer; autoplay; clipboard-write; encrypted-media; gyroscope; picture-in-picture\" allowfullscreen><\/iframe><\/div>\n<\/div><figcaption>Comienza con <a href=\"https:\/\/www.google.com\/intl\/es-419_mx\/business\/\" target=\"_blank\" rel=\"noreferrer noopener\" aria-label=\"Google Mi Negocio (abre en una nueva pesta\u00f1a)\">Google Mi Negocio<\/a> hoy mismo <\/figcaption><\/figure>\n\n\n\n<figure class=\"wp-block-embed-youtube wp-block-embed is-type-video is-provider-youtube wp-embed-aspect-16-9 wp-has-aspect-ratio\"><div class=\"wp-block-embed__wrapper\">\n<div class=\"newsmag-video-container\"><iframe title=\"D\u00eda 5  Google Adwords\" width=\"600\" height=\"338\" src=\"https:\/\/www.youtube.com\/embed\/Ivc9bpImjgg?feature=oembed\" frameborder=\"0\" allow=\"accelerometer; autoplay; clipboard-write; encrypted-media; gyroscope; picture-in-picture\" allowfullscreen><\/iframe><\/div>\n<\/div><\/figure>\n\n\n\n<figure class=\"wp-block-embed-youtube wp-block-embed is-type-video is-provider-youtube wp-embed-aspect-16-9 wp-has-aspect-ratio\"><div class=\"wp-block-embed__wrapper\">\n<div class=\"newsmag-video-container\"><iframe title=\"D\u00eda 8  Trello\" width=\"600\" height=\"338\" src=\"https:\/\/www.youtube.com\/embed\/uyNXwMKbOlM?feature=oembed\" frameborder=\"0\" allow=\"accelerometer; autoplay; clipboard-write; encrypted-media; gyroscope; picture-in-picture\" allowfullscreen><\/iframe><\/div>\n<\/div><\/figure>\n<\/div>\n\n\n\n<div class=\"wp-container-3 wp-block-column\">\n<figure class=\"wp-block-embed-youtube wp-block-embed is-type-video is-provider-youtube wp-embed-aspect-16-9 wp-has-aspect-ratio\"><div class=\"wp-block-embed__wrapper\">\n<div class=\"newsmag-video-container\"><iframe title=\"D\u00eda 3 Identifica a tu p\u00fablico objetivo\" width=\"600\" height=\"338\" src=\"https:\/\/www.youtube.com\/embed\/8fs17pDCwvA?feature=oembed\" frameborder=\"0\" allow=\"accelerometer; autoplay; clipboard-write; encrypted-media; gyroscope; picture-in-picture\" allowfullscreen><\/iframe><\/div>\n<\/div><figcaption>Descarga <a href=\"https:\/\/www.terratronit.com.mx\/blog\/\/wp-content\/uploads\/2020\/09\/Terratronit.-Hoja-de-trabajo-AVATAR-Generaci\u00f3n-de-prospectos-Facebook.pdf\" target=\"_blank\" rel=\"noreferrer noopener\" aria-label=\"aqu\u00ed  (abre en una nueva pesta\u00f1a)\">aqu\u00ed <\/a>la hoja de trabajo<\/figcaption><\/figure>\n\n\n\n<figure class=\"wp-block-embed-youtube wp-block-embed is-type-video is-provider-youtube wp-embed-aspect-16-9 wp-has-aspect-ratio\"><div class=\"wp-block-embed__wrapper\">\n<div class=\"newsmag-video-container\"><iframe title=\"D\u00eda 6 Alianzas comerciales\" width=\"600\" height=\"338\" src=\"https:\/\/www.youtube.com\/embed\/XAbTeC9BPNQ?feature=oembed\" frameborder=\"0\" allow=\"accelerometer; autoplay; clipboard-write; encrypted-media; gyroscope; picture-in-picture\" allowfullscreen><\/iframe><\/div>\n<\/div><\/figure>\n\n\n\n<figure class=\"wp-block-embed-youtube wp-block-embed is-type-video is-provider-youtube wp-embed-aspect-16-9 wp-has-aspect-ratio\"><div class=\"wp-block-embed__wrapper\">\n<div class=\"newsmag-video-container\"><iframe title=\"D\u00eda 9 SSL\" width=\"600\" height=\"338\" src=\"https:\/\/www.youtube.com\/embed\/bEV4pAzyiM4?feature=oembed\" frameborder=\"0\" allow=\"accelerometer; autoplay; clipboard-write; encrypted-media; gyroscope; picture-in-picture\" allowfullscreen><\/iframe><\/div>\n<\/div><\/figure>\n<\/div>\n<\/div>\n\n\n\n<div class=\"wp-container-8 wp-block-columns\">\n<div class=\"wp-container-5 wp-block-column\">\n<figure class=\"wp-block-embed-youtube wp-block-embed is-type-video is-provider-youtube wp-embed-aspect-16-9 wp-has-aspect-ratio\"><div class=\"wp-block-embed__wrapper\">\n<div class=\"newsmag-video-container\"><iframe title=\"D\u00eda 10 - Seguridad Adicional en Facebook\" width=\"600\" height=\"338\" src=\"https:\/\/www.youtube.com\/embed\/19Y7aeJIG-w?feature=oembed\" frameborder=\"0\" allow=\"accelerometer; autoplay; clipboard-write; encrypted-media; gyroscope; picture-in-picture\" allowfullscreen><\/iframe><\/div>\n<\/div><\/figure>\n<\/div>\n\n\n\n<div class=\"wp-container-6 wp-block-column\">\n<figure class=\"wp-block-embed-youtube wp-block-embed is-type-video is-provider-youtube wp-embed-aspect-16-9 wp-has-aspect-ratio\"><div class=\"wp-block-embed__wrapper\">\n<div class=\"newsmag-video-container\"><iframe title=\"D\u00eda 11 Tienda en L\u00ednea\" width=\"600\" height=\"338\" src=\"https:\/\/www.youtube.com\/embed\/yR1z2Pi6ICc?feature=oembed\" frameborder=\"0\" allow=\"accelerometer; autoplay; clipboard-write; encrypted-media; gyroscope; picture-in-picture\" allowfullscreen><\/iframe><\/div>\n<\/div><\/figure>\n<\/div>\n\n\n\n<div class=\"wp-container-7 wp-block-column\">\n<figure class=\"wp-block-embed-youtube wp-block-embed is-type-video is-provider-youtube wp-embed-aspect-16-9 wp-has-aspect-ratio\"><div class=\"wp-block-embed__wrapper\">\n<div class=\"newsmag-video-container\"><iframe title=\"Semana 12 - Busca ayuda\" width=\"600\" height=\"338\" src=\"https:\/\/www.youtube.com\/embed\/kZ6YysTut0U?feature=oembed\" frameborder=\"0\" allow=\"accelerometer; autoplay; clipboard-write; encrypted-media; gyroscope; picture-in-picture\" allowfullscreen><\/iframe><\/div>\n<\/div><\/figure>\n\n\n\n<p><\/p>\n<\/div>\n<\/div>\n\n\n\n<div class=\"wp-container-12 wp-block-columns\">\n<div class=\"wp-container-9 wp-block-column\">\n<figure class=\"wp-block-embed-youtube wp-block-embed is-type-video is-provider-youtube wp-embed-aspect-16-9 wp-has-aspect-ratio\"><div class=\"wp-block-embed__wrapper\">\n<div class=\"newsmag-video-container\"><iframe title=\"D\u00eda 13 Tu blog\" width=\"600\" height=\"338\" src=\"https:\/\/www.youtube.com\/embed\/KVnIwQkqaCE?feature=oembed\" frameborder=\"0\" allow=\"accelerometer; autoplay; clipboard-write; encrypted-media; gyroscope; picture-in-picture\" allowfullscreen><\/iframe><\/div>\n<\/div><\/figure>\n<\/div>\n\n\n\n<div class=\"wp-container-10 wp-block-column\">\n<figure class=\"wp-block-embed-youtube wp-block-embed is-type-video is-provider-youtube wp-embed-aspect-16-9 wp-has-aspect-ratio\"><div class=\"wp-block-embed__wrapper\">\n<div class=\"newsmag-video-container\"><iframe title=\"D\u00eda 14 eMail Marketing\" width=\"600\" height=\"338\" src=\"https:\/\/www.youtube.com\/embed\/tWVVyA_jym8?feature=oembed\" frameborder=\"0\" allow=\"accelerometer; autoplay; clipboard-write; encrypted-media; gyroscope; picture-in-picture\" allowfullscreen><\/iframe><\/div>\n<\/div><\/figure>\n<\/div>\n\n\n\n<div class=\"wp-container-11 wp-block-column\">\n<figure class=\"wp-block-embed-youtube wp-block-embed is-type-video is-provider-youtube wp-embed-aspect-16-9 wp-has-aspect-ratio\"><div class=\"wp-block-embed__wrapper\">\n<div class=\"newsmag-video-container\"><iframe title=\"D\u00eda 15 - Im\u00e1genes libres para edici\u00f3n\" width=\"600\" height=\"338\" src=\"https:\/\/www.youtube.com\/embed\/aE7xlveuhe4?feature=oembed\" frameborder=\"0\" allow=\"accelerometer; autoplay; clipboard-write; encrypted-media; gyroscope; picture-in-picture\" allowfullscreen><\/iframe><\/div>\n<\/div><\/figure>\n<\/div>\n<\/div>\n\n\n\n<div class=\"wp-container-16 wp-block-columns\">\n<div class=\"wp-container-13 wp-block-column\">\n<figure class=\"wp-block-embed-youtube wp-block-embed is-type-video is-provider-youtube wp-embed-aspect-16-9 wp-has-aspect-ratio\"><div class=\"wp-block-embed__wrapper\">\n<div class=\"newsmag-video-container\"><iframe title=\"D\u00eda 16 - Creaci\u00f3n de contenido para tus redes sociales | Canva y similares\" width=\"600\" height=\"338\" src=\"https:\/\/www.youtube.com\/embed\/puVvZi2ePSs?feature=oembed\" frameborder=\"0\" allow=\"accelerometer; autoplay; clipboard-write; encrypted-media; gyroscope; picture-in-picture\" allowfullscreen><\/iframe><\/div>\n<\/div><\/figure>\n<\/div>\n\n\n\n<div class=\"wp-container-14 wp-block-column\">\n<figure class=\"wp-block-embed-youtube wp-block-embed is-type-video is-provider-youtube wp-embed-aspect-16-9 wp-has-aspect-ratio\"><div class=\"wp-block-embed__wrapper\">\n<div class=\"newsmag-video-container\"><iframe title=\"D\u00eda 17 - Antes de Comercializar en internet\" width=\"600\" height=\"338\" src=\"https:\/\/www.youtube.com\/embed\/tNDFOSrGpNs?feature=oembed\" frameborder=\"0\" allow=\"accelerometer; autoplay; clipboard-write; encrypted-media; gyroscope; picture-in-picture\" allowfullscreen><\/iframe><\/div>\n<\/div><\/figure>\n<\/div>\n\n\n\n<div class=\"wp-container-15 wp-block-column\">\n<figure class=\"wp-block-embed-youtube wp-block-embed is-type-video is-provider-youtube wp-embed-aspect-16-9 wp-has-aspect-ratio\"><div class=\"wp-block-embed__wrapper\">\n<div class=\"newsmag-video-container\"><iframe title=\"D\u00eda 18 - Manita de gato a tu sitio web\" width=\"600\" height=\"338\" src=\"https:\/\/www.youtube.com\/embed\/mX0YjcRzr2k?feature=oembed\" frameborder=\"0\" allow=\"accelerometer; autoplay; clipboard-write; encrypted-media; gyroscope; picture-in-picture\" allowfullscreen><\/iframe><\/div>\n<\/div><\/figure>\n<\/div>\n<\/div>\n\n\n\n<div class=\"wp-container-20 wp-block-columns\">\n<div class=\"wp-container-17 wp-block-column\">\n<figure class=\"wp-block-embed-youtube wp-block-embed is-type-video is-provider-youtube wp-embed-aspect-16-9 wp-has-aspect-ratio\"><div class=\"wp-block-embed__wrapper\">\n<div class=\"newsmag-video-container\"><iframe title=\"D\u00eda 19 - Logotipo\" width=\"600\" height=\"338\" src=\"https:\/\/www.youtube.com\/embed\/PPifS-FLq_E?feature=oembed\" frameborder=\"0\" allow=\"accelerometer; autoplay; clipboard-write; encrypted-media; gyroscope; picture-in-picture\" allowfullscreen><\/iframe><\/div>\n<\/div><\/figure>\n<\/div>\n\n\n\n<div class=\"wp-container-18 wp-block-column\">\n<figure class=\"wp-block-embed-youtube wp-block-embed is-type-video is-provider-youtube wp-embed-aspect-16-9 wp-has-aspect-ratio\"><div class=\"wp-block-embed__wrapper\">\n<div class=\"newsmag-video-container\"><iframe title=\"D\u00eda 20   Revista Digital\" width=\"600\" height=\"338\" src=\"https:\/\/www.youtube.com\/embed\/IV6b_3wUmrc?feature=oembed\" frameborder=\"0\" allow=\"accelerometer; autoplay; clipboard-write; encrypted-media; gyroscope; picture-in-picture\" allowfullscreen><\/iframe><\/div>\n<\/div><\/figure>\n<\/div>\n\n\n\n<div class=\"wp-container-19 wp-block-column\">\n<figure class=\"wp-block-embed-youtube wp-block-embed is-type-video is-provider-youtube wp-embed-aspect-16-9 wp-has-aspect-ratio\"><div class=\"wp-block-embed__wrapper\">\n<div class=\"newsmag-video-container\"><iframe title=\"D\u00eda 21 - Consume Local y ayuda a tus amigos sin invertir dinero\" width=\"600\" height=\"338\" src=\"https:\/\/www.youtube.com\/embed\/pIL_rPWv5M8?feature=oembed\" frameborder=\"0\" allow=\"accelerometer; autoplay; clipboard-write; encrypted-media; gyroscope; picture-in-picture\" allowfullscreen><\/iframe><\/div>\n<\/div><\/figure>\n<\/div>\n<\/div>\n\n\n\n\n\n<p>\u00bfBuscas la hoja de trabajo para encontrar a tu p\u00fablico objetivo o avatar? Da click en el bot\u00f3n para descargar y solicita la contrase\u00f1a: <\/p>\n\n\n\n<div class=\"wp-block-button aligncenter\"><a class=\"wp-block-button__link has-very-light-gray-color has-vivid-red-background-color has-text-color has-background\" href=\"https:\/\/www.terratronit.com.mx\/blog\/\/wp-content\/uploads\/2020\/09\/Terratronit.-Hoja-de-trabajo-AVATAR-Generaci\u00f3n-de-prospectos-Facebook.pdf\">Descarga aqu\u00ed<\/a><\/div>\n\n\n\n<p>Cont\u00e1ctanos:<\/p>\n\n\n\n<p>&#x1f517;&nbsp;<a rel=\"noreferrer noopener\" href=\"https:\/\/wa.me\/5217711567551?fbclid=IwAR3cyFqb8cBFLMDKPsC-XOSBaWs52V9MqVFmCce-yEaxXXpJGQsFlQ1bcFc\" target=\"_blank\">https:\/\/wa.me\/5217711567551<\/a><br>&#x1f4ac;&nbsp;<a rel=\"noreferrer noopener\" href=\"https:\/\/m.me\/terratronit?fbclid=IwAR1zDtVwAv_PzGtnaMFZ6SEDDwQEjf7PkByNKEHhCFRfKJ4rSrCg8BZObck\" target=\"_blank\">http:\/\/m.me\/terratronit<\/a><\/p>\n","protected":false},"excerpt":{"rendered":"<p>\u00bfBuscas la hoja de trabajo para encontrar a tu p\u00fablico objetivo o avatar? Da click en el bot\u00f3n para descargar y solicita la contrase\u00f1a: Cont\u00e1ctanos: &#x1f517;&nbsp;https:\/\/wa.me\/5217711567551&#x1f4ac;&nbsp;http:\/\/m.me\/terratronit<\/p>\n","protected":false},"author":1,"featured_media":2944,"parent":0,"menu_order":0,"comment_status":"open","ping_status":"closed","template":"","meta":[],"_links":{"self":[{"href":"https:\/\/www.terratronit.com.mx\/blog\/wp-json\/wp\/v2\/pages\/2998"}],"collection":[{"href":"https:\/\/www.terratronit.com.mx\/blog\/wp-json\/wp\/v2\/pages"}],"about":[{"href":"https:\/\/www.terratronit.com.mx\/blog\/wp-json\/wp\/v2\/types\/page"}],"author":[{"embeddable":true,"href":"https:\/\/www.terratronit.com.mx\/blog\/wp-json\/wp\/v2\/users\/1"}],"replies":[{"embeddable":true,"href":"https:\/\/www.terratronit.com.mx\/blog\/wp-json\/wp\/v2\/comments?post=2998"}],"version-history":[{"count":4,"href":"https:\/\/www.terratronit.com.mx\/blog\/wp-json\/wp\/v2\/pages\/2998\/revisions"}],"predecessor-version":[{"id":3028,"href":"https:\/\/www.terratronit.com.mx\/blog\/wp-json\/wp\/v2\/pages\/2998\/revisions\/3028"}],"wp:featuredmedia":[{"embeddable":true,"href":"https:\/\/www.terratronit.com.mx\/blog\/wp-json\/wp\/v2\/media\/2944"}],"wp:attachment":[{"href":"https:\/\/www.terratronit.com.mx\/blog\/wp-json\/wp\/v2\/media?parent=2998"}],"curies":[{"name":"wp","href":"https:\/\/api.w.org\/{rel}","templated":true}]}}