{"id":2824,"date":"2020-07-23T18:39:44","date_gmt":"2020-07-23T23:39:44","guid":{"rendered":"http:\/\/blog.terratronit.com.mx\/?page_id=2824"},"modified":"2020-07-24T11:38:42","modified_gmt":"2020-07-24T16:38:42","slug":"platicas-en-confianza-con-firma-juridica-hernandez-jimenez","status":"publish","type":"page","link":"https:\/\/www.terratronit.com.mx\/blog\/platicas-en-confianza-con-firma-juridica-hernandez-jimenez\/","title":{"rendered":"Pl\u00e1ticas en Confianza con Firma Jur\u00eddica Hern\u00e1ndez Jim\u00e9nez"},"content":{"rendered":"\n<figure class=\"wp-block-embed-youtube wp-block-embed is-type-video is-provider-youtube wp-embed-aspect-16-9 wp-has-aspect-ratio\"><div class=\"wp-block-embed__wrapper\">\n<div class=\"newsmag-video-container\"><iframe title=\"Platicas en Confianza con Firma Jur\u00eddica Hern\u00e1ndez Jim\u00e9nez\" width=\"600\" height=\"338\" src=\"https:\/\/www.youtube.com\/embed\/T1Do2ZQm1ac?feature=oembed\" frameborder=\"0\" allow=\"accelerometer; autoplay; encrypted-media; gyroscope; picture-in-picture\" allowfullscreen><\/iframe><\/div>\n<\/div><\/figure>\n\n\n\n<div style=\"height:29px\" aria-hidden=\"true\" class=\"wp-block-spacer\"><\/div>\n\n\n\n<p>\u00bfSabes qu\u00e9 hacer de manera legal al enviar a los trabajadores a Home Office?  en esta platica de confianza que se tuvo con la Firma Jur\u00eddica Hern\u00e1ndez conocer\u00e1s lo que debes realizar si estas a cargo de personas que estan laborando v\u00eda home office.<\/p>\n\n\n\n<div style=\"height:29px\" aria-hidden=\"true\" class=\"wp-block-spacer\"><\/div>\n","protected":false},"excerpt":{"rendered":"<p>\u00bfSabes qu\u00e9 hacer de manera legal al enviar a los trabajadores a Home Office? en esta platica de confianza que se tuvo con la Firma Jur\u00eddica Hern\u00e1ndez conocer\u00e1s lo que debes realizar si estas a cargo de personas que estan laborando v\u00eda home office.<\/p>\n","protected":false},"author":1,"featured_media":2826,"parent":0,"menu_order":0,"comment_status":"closed","ping_status":"closed","template":"","meta":[],"_links":{"self":[{"href":"https:\/\/www.terratronit.com.mx\/blog\/wp-json\/wp\/v2\/pages\/2824"}],"collection":[{"href":"https:\/\/www.terratronit.com.mx\/blog\/wp-json\/wp\/v2\/pages"}],"about":[{"href":"https:\/\/www.terratronit.com.mx\/blog\/wp-json\/wp\/v2\/types\/page"}],"author":[{"embeddable":true,"href":"https:\/\/www.terratronit.com.mx\/blog\/wp-json\/wp\/v2\/users\/1"}],"replies":[{"embeddable":true,"href":"https:\/\/www.terratronit.com.mx\/blog\/wp-json\/wp\/v2\/comments?post=2824"}],"version-history":[{"count":2,"href":"https:\/\/www.terratronit.com.mx\/blog\/wp-json\/wp\/v2\/pages\/2824\/revisions"}],"predecessor-version":[{"id":2835,"href":"https:\/\/www.terratronit.com.mx\/blog\/wp-json\/wp\/v2\/pages\/2824\/revisions\/2835"}],"wp:featuredmedia":[{"embeddable":true,"href":"https:\/\/www.terratronit.com.mx\/blog\/wp-json\/wp\/v2\/media\/2826"}],"wp:attachment":[{"href":"https:\/\/www.terratronit.com.mx\/blog\/wp-json\/wp\/v2\/media?parent=2824"}],"curies":[{"name":"wp","href":"https:\/\/api.w.org\/{rel}","templated":true}]}}