{"id":2811,"date":"2020-07-23T17:55:29","date_gmt":"2020-07-23T22:55:29","guid":{"rendered":"http:\/\/blog.terratronit.com.mx\/?page_id=2811"},"modified":"2020-07-24T11:38:56","modified_gmt":"2020-07-24T16:38:56","slug":"platicas-en-confianza-con-ruben-salazar-de-procip","status":"publish","type":"page","link":"https:\/\/www.terratronit.com.mx\/blog\/platicas-en-confianza-con-ruben-salazar-de-procip\/","title":{"rendered":"Pl\u00e1ticas en Confianza con Rub\u00e9n Salazar de PROCIP"},"content":{"rendered":"\n<figure class=\"wp-block-embed-youtube wp-block-embed is-type-video is-provider-youtube wp-embed-aspect-16-9 wp-has-aspect-ratio\"><div class=\"wp-block-embed__wrapper\">\n<div class=\"newsmag-video-container\"><iframe title=\"Platicas en Confianza con Rub\u00e9n Salazar de PROCIP\" width=\"600\" height=\"338\" src=\"https:\/\/www.youtube.com\/embed\/0uJ91TVyBxw?feature=oembed\" frameborder=\"0\" allow=\"accelerometer; autoplay; encrypted-media; gyroscope; picture-in-picture\" allowfullscreen><\/iframe><\/div>\n<\/div><\/figure>\n\n\n\n<div style=\"height:29px\" aria-hidden=\"true\" class=\"wp-block-spacer\"><\/div>\n\n\n\n<p>\u00bfSabes cu\u00e1l es la diferencia entre Sanitizar y Desinfectar? es una duda muy com\u00fan y m\u00e1s ahora en tiempos de COVID-19, por ello Rub\u00e9n Salazar de la empresa PROCIP nos ayudar\u00e1 a disipar esta duda de manera entendible y sencilla. \u00a1NO TE LO PIERDAS!<\/p>\n\n\n\n<div style=\"height:29px\" aria-hidden=\"true\" class=\"wp-block-spacer\"><\/div>\n","protected":false},"excerpt":{"rendered":"<p>\u00bfSabes cu\u00e1l es la diferencia entre Sanitizar y Desinfectar? es una duda muy com\u00fan y m\u00e1s ahora en tiempos de COVID-19, por ello Rub\u00e9n Salazar de la empresa PROCIP nos ayudar\u00e1 a disipar esta duda de manera entendible y sencilla. \u00a1NO TE LO PIERDAS!<\/p>\n","protected":false},"author":1,"featured_media":2812,"parent":0,"menu_order":0,"comment_status":"closed","ping_status":"closed","template":"","meta":[],"_links":{"self":[{"href":"https:\/\/www.terratronit.com.mx\/blog\/wp-json\/wp\/v2\/pages\/2811"}],"collection":[{"href":"https:\/\/www.terratronit.com.mx\/blog\/wp-json\/wp\/v2\/pages"}],"about":[{"href":"https:\/\/www.terratronit.com.mx\/blog\/wp-json\/wp\/v2\/types\/page"}],"author":[{"embeddable":true,"href":"https:\/\/www.terratronit.com.mx\/blog\/wp-json\/wp\/v2\/users\/1"}],"replies":[{"embeddable":true,"href":"https:\/\/www.terratronit.com.mx\/blog\/wp-json\/wp\/v2\/comments?post=2811"}],"version-history":[{"count":4,"href":"https:\/\/www.terratronit.com.mx\/blog\/wp-json\/wp\/v2\/pages\/2811\/revisions"}],"predecessor-version":[{"id":2836,"href":"https:\/\/www.terratronit.com.mx\/blog\/wp-json\/wp\/v2\/pages\/2811\/revisions\/2836"}],"wp:featuredmedia":[{"embeddable":true,"href":"https:\/\/www.terratronit.com.mx\/blog\/wp-json\/wp\/v2\/media\/2812"}],"wp:attachment":[{"href":"https:\/\/www.terratronit.com.mx\/blog\/wp-json\/wp\/v2\/media?parent=2811"}],"curies":[{"name":"wp","href":"https:\/\/api.w.org\/{rel}","templated":true}]}}