{"id":2698,"date":"2020-06-19T14:39:03","date_gmt":"2020-06-19T19:39:03","guid":{"rendered":"http:\/\/blog.terratronit.com.mx\/?page_id=2698"},"modified":"2020-11-03T13:14:56","modified_gmt":"2020-11-03T18:14:56","slug":"radio-entrevista","status":"publish","type":"page","link":"https:\/\/www.terratronit.com.mx\/blog\/radio-entrevista\/","title":{"rendered":"Radio Entrevista"},"content":{"rendered":"\n<div class=\"wp-block-image\"><figure class=\"aligncenter is-resized\"><img src=\"https:\/\/www.terratronit.com.mx\/blog\/wp-content\/themes\/newsmag\/assets\/images\/picture_placeholder_list.jpg\" data-src=\"https:\/\/www.terratronit.com.mx\/blog\/\/wp-content\/uploads\/2019\/01\/Logo_Color-1024x195.png\" alt=\"\" class=\"blazy wp-image-2387\" width=\"600\" srcset=\"https:\/\/www.terratronit.com.mx\/blog\/wp-content\/uploads\/2019\/01\/Logo_Color-1024x195.png 1024w, https:\/\/www.terratronit.com.mx\/blog\/wp-content\/uploads\/2019\/01\/Logo_Color-300x57.png 300w, https:\/\/www.terratronit.com.mx\/blog\/wp-content\/uploads\/2019\/01\/Logo_Color-768x146.png 768w\" sizes=\"(max-width: 1024px) 100vw, 1024px\" \/><noscript><img src=\"https:\/\/www.terratronit.com.mx\/blog\/\/wp-content\/uploads\/2019\/01\/Logo_Color-1024x195.png\" alt=\"\" class=\"wp-image-2387\" width=\"600\" srcset=\"https:\/\/www.terratronit.com.mx\/blog\/wp-content\/uploads\/2019\/01\/Logo_Color-1024x195.png 1024w, https:\/\/www.terratronit.com.mx\/blog\/wp-content\/uploads\/2019\/01\/Logo_Color-300x57.png 300w, https:\/\/www.terratronit.com.mx\/blog\/wp-content\/uploads\/2019\/01\/Logo_Color-768x146.png 768w\" sizes=\"(max-width: 1024px) 100vw, 1024px\" \/><\/noscript><\/figure><\/div>\n\n\n\n<div style=\"height:20px\" aria-hidden=\"true\" class=\"wp-block-spacer\"><\/div>\n\n\n\n<div class=\"wp-block-image\"><figure class=\"aligncenter\"><img width=\"1024\" height=\"311\" src=\"https:\/\/www.terratronit.com.mx\/blog\/wp-content\/themes\/newsmag\/assets\/images\/picture_placeholder_list.jpg\" data-src=\"https:\/\/www.terratronit.com.mx\/blog\/\/wp-content\/uploads\/2020\/06\/banner_principal-1024x311.png\" alt=\"\" class=\"blazy wp-image-2703\" srcset=\"https:\/\/www.terratronit.com.mx\/blog\/wp-content\/uploads\/2020\/06\/banner_principal-1024x311.png 1024w, https:\/\/www.terratronit.com.mx\/blog\/wp-content\/uploads\/2020\/06\/banner_principal-300x91.png 300w, https:\/\/www.terratronit.com.mx\/blog\/wp-content\/uploads\/2020\/06\/banner_principal-768x233.png 768w, https:\/\/www.terratronit.com.mx\/blog\/wp-content\/uploads\/2020\/06\/banner_principal.png 1400w\" sizes=\"(max-width: 1024px) 100vw, 1024px\" \/><noscript><img width=\"1024\" height=\"311\" src=\"https:\/\/www.terratronit.com.mx\/blog\/\/wp-content\/uploads\/2020\/06\/banner_principal-1024x311.png\" alt=\"\" class=\"wp-image-2703\" srcset=\"https:\/\/www.terratronit.com.mx\/blog\/wp-content\/uploads\/2020\/06\/banner_principal-1024x311.png 1024w, https:\/\/www.terratronit.com.mx\/blog\/wp-content\/uploads\/2020\/06\/banner_principal-300x91.png 300w, https:\/\/www.terratronit.com.mx\/blog\/wp-content\/uploads\/2020\/06\/banner_principal-768x233.png 768w, https:\/\/www.terratronit.com.mx\/blog\/wp-content\/uploads\/2020\/06\/banner_principal.png 1400w\" sizes=\"(max-width: 1024px) 100vw, 1024px\" \/><\/noscript><\/figure><\/div>\n\n\n\n<div style=\"height:20px\" aria-hidden=\"true\" class=\"wp-block-spacer\"><\/div>\n\n\n\n<figure class=\"wp-block-audio aligncenter\"><audio controls src=\"http:\/\/terratronit.com.mx\/repositorio\/001-prende-y-emprende-22-mayo-2020_rBP18fqI.mp3\"><\/audio><\/figure>\n\n\n\n<div style=\"height:51px\" aria-hidden=\"true\" class=\"wp-block-spacer\"><\/div>\n\n\n\n<h4 class=\"has-text-align-center\">Te hacemos una invitaci\u00f3n muy especial para escuchar la repetici\u00f3n del programa <a href=\"https:\/\/www.facebook.com\/RadioUAEHZimapan\/\"><b style=\"color:red;\">\u00abPRENDE Y EMPRENDE\u00bb<\/b><\/a> de Radio UAEH Zimap\u00e1n, en el cual estuvimos platicando de:<\/h4>\n\n\n\n<div style=\"height:68px\" aria-hidden=\"true\" class=\"wp-block-spacer\"><\/div>\n\n\n\n<div class=\"wp-container-3 wp-block-columns has-2-columns\">\n<div class=\"wp-container-1 wp-block-column\">\n<div class=\"wp-block-image\"><figure class=\"aligncenter is-resized\"><img src=\"https:\/\/www.terratronit.com.mx\/blog\/wp-content\/themes\/newsmag\/assets\/images\/picture_placeholder_list.jpg\" data-src=\"https:\/\/www.terratronit.com.mx\/blog\/\/wp-content\/uploads\/2020\/06\/SERVICIO_AMOR_PROGRAMAR.png\" alt=\"\" class=\"blazy wp-image-2709\" width=\"470\" height=\"394\" srcset=\"https:\/\/www.terratronit.com.mx\/blog\/wp-content\/uploads\/2020\/06\/SERVICIO_AMOR_PROGRAMAR.png 940w, https:\/\/www.terratronit.com.mx\/blog\/wp-content\/uploads\/2020\/06\/SERVICIO_AMOR_PROGRAMAR-300x251.png 300w, https:\/\/www.terratronit.com.mx\/blog\/wp-content\/uploads\/2020\/06\/SERVICIO_AMOR_PROGRAMAR-768x644.png 768w\" sizes=\"(max-width: 470px) 100vw, 470px\" \/><noscript><img src=\"https:\/\/www.terratronit.com.mx\/blog\/\/wp-content\/uploads\/2020\/06\/SERVICIO_AMOR_PROGRAMAR.png\" alt=\"\" class=\"wp-image-2709\" width=\"470\" height=\"394\" srcset=\"https:\/\/www.terratronit.com.mx\/blog\/wp-content\/uploads\/2020\/06\/SERVICIO_AMOR_PROGRAMAR.png 940w, https:\/\/www.terratronit.com.mx\/blog\/wp-content\/uploads\/2020\/06\/SERVICIO_AMOR_PROGRAMAR-300x251.png 300w, https:\/\/www.terratronit.com.mx\/blog\/wp-content\/uploads\/2020\/06\/SERVICIO_AMOR_PROGRAMAR-768x644.png 768w\" sizes=\"(max-width: 470px) 100vw, 470px\" \/><\/noscript><\/figure><\/div>\n<\/div>\n\n\n\n<div class=\"wp-container-2 wp-block-column\">\n<h2 style=\"text-align:left; color:#004257; \">PASI\u00d3N POR EL SERVICIO Y LA PROGRAMACI\u00d3N<\/h2>\n\n\n\n<p style=\"font-size:25px; color:gray; font-size:20px; line-height:1.5; text-align:justify\">C\u00f3mo pasamos a ser 3 mujeres al frente de Terratronit y las labores sociales que realizamos para <a href=\"http:\/\/www.treachercollins.mx\/\"><b>Asociaci\u00f3n Nacional Treacher Collins LIAM M\u00e9xico<\/b><\/a>, Asociaci\u00f3n sirviendo al pr\u00f3jimo con Amor y <a href=\"http:\/\/www.asociaciondownhidalguense.org\/\"><b>Asociaci\u00f3n Down Hidalguense A.C<\/b><\/a><\/p>\n\n\n\n<div class=\"wp-block-image\"><figure class=\"aligncenter is-resized\"><img src=\"https:\/\/www.terratronit.com.mx\/blog\/wp-content\/themes\/newsmag\/assets\/images\/picture_placeholder_list.jpg\" data-src=\"https:\/\/www.terratronit.com.mx\/blog\/\/wp-content\/uploads\/2020\/06\/terratronit_equipo.png\" alt=\"\" class=\"blazy wp-image-2721\" width=\"300\" height=\"150\" srcset=\"https:\/\/www.terratronit.com.mx\/blog\/wp-content\/uploads\/2020\/06\/terratronit_equipo.png 600w, https:\/\/www.terratronit.com.mx\/blog\/wp-content\/uploads\/2020\/06\/terratronit_equipo-300x150.png 300w\" sizes=\"(max-width: 300px) 100vw, 300px\" \/><noscript><img src=\"https:\/\/www.terratronit.com.mx\/blog\/\/wp-content\/uploads\/2020\/06\/terratronit_equipo.png\" alt=\"\" class=\"wp-image-2721\" width=\"300\" height=\"150\" srcset=\"https:\/\/www.terratronit.com.mx\/blog\/wp-content\/uploads\/2020\/06\/terratronit_equipo.png 600w, https:\/\/www.terratronit.com.mx\/blog\/wp-content\/uploads\/2020\/06\/terratronit_equipo-300x150.png 300w\" sizes=\"(max-width: 300px) 100vw, 300px\" \/><\/noscript><\/figure><\/div>\n<\/div>\n<\/div>\n\n\n\n<div style=\"height:67px\" aria-hidden=\"true\" class=\"wp-block-spacer\"><\/div>\n\n\n\n<div class=\"wp-container-6 wp-block-columns has-2-columns\">\n<div class=\"wp-container-4 wp-block-column\">\n<div style=\"height:33px\" aria-hidden=\"true\" class=\"wp-block-spacer\"><\/div>\n\n\n\n<h2 style=\"text-align:left; color:#004257; margin-left:8%; \">NETWORKING<\/h2><\/h2>\n\n\n\n<p style=\"font-size:25px; color:gray; font-size:20px; line-height:1.5; text-align:justify; margin-left:8%;\">c\u00f3mo haber sido parte de <a href=\"https:\/\/www.facebook.com\/BNI.Distrito.Plata.Hidalgo\/\n\"><b>BNI Distrito Plata<\/b><\/a>, tener la insignia <b>#HechoEnPachuca<\/b> y ser miembros de <a href=\"https:\/\/www.facebook.com\/TMPachuca\/\"><b>Toastmasters Pachuca<\/b><\/a> nos han ayudado a conocer las necesidades de nuestra comunidad y encontrar herramientas para poder mejorar nuestro servicio.<\/p>\n<\/div>\n\n\n\n<div class=\"wp-container-5 wp-block-column\">\n<div class=\"wp-block-image\"><figure class=\"aligncenter is-resized\"><img src=\"https:\/\/www.terratronit.com.mx\/blog\/wp-content\/themes\/newsmag\/assets\/images\/picture_placeholder_list.jpg\" data-src=\"https:\/\/www.terratronit.com.mx\/blog\/\/wp-content\/uploads\/2020\/06\/redes_terratronit.png\" alt=\"\" class=\"blazy wp-image-2740\" width=\"470\" height=\"394\" srcset=\"https:\/\/www.terratronit.com.mx\/blog\/wp-content\/uploads\/2020\/06\/redes_terratronit.png 940w, https:\/\/www.terratronit.com.mx\/blog\/wp-content\/uploads\/2020\/06\/redes_terratronit-300x251.png 300w, https:\/\/www.terratronit.com.mx\/blog\/wp-content\/uploads\/2020\/06\/redes_terratronit-768x644.png 768w\" sizes=\"(max-width: 470px) 100vw, 470px\" \/><noscript><img src=\"https:\/\/www.terratronit.com.mx\/blog\/\/wp-content\/uploads\/2020\/06\/redes_terratronit.png\" alt=\"\" class=\"wp-image-2740\" width=\"470\" height=\"394\" srcset=\"https:\/\/www.terratronit.com.mx\/blog\/wp-content\/uploads\/2020\/06\/redes_terratronit.png 940w, https:\/\/www.terratronit.com.mx\/blog\/wp-content\/uploads\/2020\/06\/redes_terratronit-300x251.png 300w, https:\/\/www.terratronit.com.mx\/blog\/wp-content\/uploads\/2020\/06\/redes_terratronit-768x644.png 768w\" sizes=\"(max-width: 470px) 100vw, 470px\" \/><\/noscript><\/figure><\/div>\n<\/div>\n<\/div>\n\n\n\n<div style=\"height:67px\" aria-hidden=\"true\" class=\"wp-block-spacer\"><\/div>\n\n\n\n<div class=\"wp-container-9 wp-block-columns has-2-columns\">\n<div class=\"wp-container-7 wp-block-column\">\n<div class=\"wp-block-image\"><figure class=\"aligncenter is-resized\"><img src=\"https:\/\/www.terratronit.com.mx\/blog\/wp-content\/themes\/newsmag\/assets\/images\/picture_placeholder_list.jpg\" data-src=\"https:\/\/www.terratronit.com.mx\/blog\/\/wp-content\/uploads\/2020\/06\/pide-ayuda.png\" alt=\"\" class=\"blazy wp-image-2746\" width=\"470\" height=\"394\" srcset=\"https:\/\/www.terratronit.com.mx\/blog\/wp-content\/uploads\/2020\/06\/pide-ayuda.png 940w, https:\/\/www.terratronit.com.mx\/blog\/wp-content\/uploads\/2020\/06\/pide-ayuda-300x251.png 300w, https:\/\/www.terratronit.com.mx\/blog\/wp-content\/uploads\/2020\/06\/pide-ayuda-768x644.png 768w\" sizes=\"(max-width: 470px) 100vw, 470px\" \/><noscript><img src=\"https:\/\/www.terratronit.com.mx\/blog\/\/wp-content\/uploads\/2020\/06\/pide-ayuda.png\" alt=\"\" class=\"wp-image-2746\" width=\"470\" height=\"394\" srcset=\"https:\/\/www.terratronit.com.mx\/blog\/wp-content\/uploads\/2020\/06\/pide-ayuda.png 940w, https:\/\/www.terratronit.com.mx\/blog\/wp-content\/uploads\/2020\/06\/pide-ayuda-300x251.png 300w, https:\/\/www.terratronit.com.mx\/blog\/wp-content\/uploads\/2020\/06\/pide-ayuda-768x644.png 768w\" sizes=\"(max-width: 470px) 100vw, 470px\" \/><\/noscript><\/figure><\/div>\n<\/div>\n\n\n\n<div class=\"wp-container-8 wp-block-column\">\n<h2 style=\"text-align:left; color:#004257; \">PEDIR AYUDA<\/h2>\n\n\n\n<p style=\"font-size:25px; color:gray; font-size:20px; line-height:1.5; text-align:justify\">Hemos estado de la mano de grandes Coach como Jorge Arzate de ActionCoach y Abimael Angeles de <a href=\"https:\/\/www.facebook.com\/gruposoots\/\"><b>Grupo Soots.<\/b><\/a><\/p>\n\n\n\n<div class=\"wp-block-image\"><figure class=\"aligncenter is-resized\"><img src=\"https:\/\/www.terratronit.com.mx\/blog\/wp-content\/themes\/newsmag\/assets\/images\/picture_placeholder_list.jpg\" data-src=\"https:\/\/www.terratronit.com.mx\/blog\/\/wp-content\/uploads\/2020\/06\/soots_actioncoach.png\" alt=\"\" class=\"blazy wp-image-2748\" width=\"450\" height=\"225\" srcset=\"https:\/\/www.terratronit.com.mx\/blog\/wp-content\/uploads\/2020\/06\/soots_actioncoach.png 600w, https:\/\/www.terratronit.com.mx\/blog\/wp-content\/uploads\/2020\/06\/soots_actioncoach-300x150.png 300w\" sizes=\"(max-width: 450px) 100vw, 450px\" \/><noscript><img src=\"https:\/\/www.terratronit.com.mx\/blog\/\/wp-content\/uploads\/2020\/06\/soots_actioncoach.png\" alt=\"\" class=\"wp-image-2748\" width=\"450\" height=\"225\" srcset=\"https:\/\/www.terratronit.com.mx\/blog\/wp-content\/uploads\/2020\/06\/soots_actioncoach.png 600w, https:\/\/www.terratronit.com.mx\/blog\/wp-content\/uploads\/2020\/06\/soots_actioncoach-300x150.png 300w\" sizes=\"(max-width: 450px) 100vw, 450px\" \/><\/noscript><\/figure><\/div>\n<\/div>\n<\/div>\n\n\n\n<hr class=\"wp-block-separator is-style-wide\"\/>\n\n\n\n<div style=\"height:37px\" aria-hidden=\"true\" class=\"wp-block-spacer\"><\/div>\n\n\n\n<h5 style=\"text-align:center; color:#004257;\">El programa PRENDE Y EMPRENDE te ayudar\u00e1 en tu inquietud por iniciar el viaje emprendiendo un negocio.<\/h5>\n\n\n\n<p style=\"font-size:20px; color:gray; font-size:20px; line-height:1.5; text-align:center\">Si est\u00e1s en Zimap\u00e1n, sintoniza el 99.5 FM a las 18 hrs y si andas un poco lejos, ingresa a <a href=\"https:\/\/www.uaeh.edu.mx\/zimapanradio\/\" style\"color:gray;=\"\" font-weight:bold;\"=\"\">ZIMAPAN RADIO<\/a> y esc\u00fachalos por streaming. Conducido por <a href=\"https:\/\/www.facebook.com\/antonio.delgado.98229241\"><b>Antonio Delgado<\/b><\/a><\/p>\n\n\n\n<p style=\"font-size:18px; color:gray;  line-height:1.5; text-align:center; color:blue; \">Si quieres participar en el programa, cont\u00e1ctanos, te decimos c\u00f3mo..<\/p>\n\n\n\n<div style=\"height:37px\" aria-hidden=\"true\" class=\"wp-block-spacer\"><\/div>\n\n\n\n<div class=\"wp-container-12 wp-block-columns has-2-columns\">\n<div class=\"wp-container-10 wp-block-column\"><div class=\"wpforms-container wpforms-container-full\" id=\"wpforms-2766\"><form id=\"wpforms-form-2766\" class=\"wpforms-validate wpforms-form\" data-formid=\"2766\" method=\"post\" enctype=\"multipart\/form-data\" action=\"\/blog\/wp-json\/wp\/v2\/pages\/2698\" data-token=\"5ff2d2a79b650bf4f82a55e28443b922\"><noscript class=\"wpforms-error-noscript\">Por favor, activa JavaScript en tu navegador para completar este formulario.<\/noscript><div class=\"wpforms-field-container\"><div id=\"wpforms-2766-field_0-container\" class=\"wpforms-field wpforms-field-name\" data-field-id=\"0\"><label class=\"wpforms-field-label\" for=\"wpforms-2766-field_0\">Nombre Completo <span class=\"wpforms-required-label\">*<\/span><\/label><input type=\"text\" id=\"wpforms-2766-field_0\" class=\"wpforms-field-large wpforms-field-required\" name=\"wpforms[fields][0]\" required><\/div><div id=\"wpforms-2766-field_1-container\" class=\"wpforms-field wpforms-field-email\" data-field-id=\"1\"><label class=\"wpforms-field-label\" for=\"wpforms-2766-field_1\">Correo electr\u00f3nico <span class=\"wpforms-required-label\">*<\/span><\/label><input type=\"email\" id=\"wpforms-2766-field_1\" class=\"wpforms-field-large wpforms-field-required\" name=\"wpforms[fields][1]\" required><\/div><div id=\"wpforms-2766-field_2-container\" class=\"wpforms-field wpforms-field-textarea\" data-field-id=\"2\"><label class=\"wpforms-field-label\" for=\"wpforms-2766-field_2\">Comentario o mensaje <span class=\"wpforms-required-label\">*<\/span><\/label><textarea id=\"wpforms-2766-field_2\" class=\"wpforms-field-medium wpforms-field-required\" name=\"wpforms[fields][2]\" required><\/textarea><\/div><\/div><div class=\"wpforms-field wpforms-field-hp\"><label for=\"wpforms-2766-field-hp\" class=\"wpforms-field-label\">Email<\/label><input type=\"text\" name=\"wpforms[hp]\" id=\"wpforms-2766-field-hp\" class=\"wpforms-field-medium\"><\/div><div class=\"wpforms-recaptcha-container wpforms-is-recaptcha\"><div class=\"g-recaptcha\" data-sitekey=\"6LdBxdcZAAAAAMnqX76-ap8p6EtcDK_bDc8o4S4u\"><\/div><input type=\"text\" name=\"g-recaptcha-hidden\" class=\"wpforms-recaptcha-hidden\" style=\"position:absolute!important;clip:rect(0,0,0,0)!important;height:1px!important;width:1px!important;border:0!important;overflow:hidden!important;padding:0!important;margin:0!important;\" required><\/div><div class=\"wpforms-submit-container\"><input type=\"hidden\" name=\"wpforms[id]\" value=\"2766\"><input type=\"hidden\" name=\"wpforms[author]\" value=\"1\"><button type=\"submit\" name=\"wpforms[submit]\" id=\"wpforms-submit-2766\" class=\"wpforms-submit\" data-alt-text=\"Enviando...\" data-submit-text=\"Enviar\" aria-live=\"assertive\" value=\"wpforms-submit\">Enviar<\/button><\/div><\/form><\/div>  <!-- .wpforms-container -->\n<\/div>\n\n\n\n<div class=\"wp-container-11 wp-block-column\">\n<div class=\"wp-block-image\"><figure class=\"alignright\"><img width=\"1024\" height=\"683\" src=\"https:\/\/www.terratronit.com.mx\/blog\/wp-content\/themes\/newsmag\/assets\/images\/picture_placeholder_list.jpg\" data-src=\"https:\/\/www.terratronit.com.mx\/blog\/\/wp-content\/uploads\/2020\/06\/portada-terratronit-1024x683.png\" alt=\"\" class=\"blazy wp-image-2692\" srcset=\"https:\/\/www.terratronit.com.mx\/blog\/wp-content\/uploads\/2020\/06\/portada-terratronit-1024x683.png 1024w, https:\/\/www.terratronit.com.mx\/blog\/wp-content\/uploads\/2020\/06\/portada-terratronit-300x200.png 300w, https:\/\/www.terratronit.com.mx\/blog\/wp-content\/uploads\/2020\/06\/portada-terratronit-768x512.png 768w, https:\/\/www.terratronit.com.mx\/blog\/wp-content\/uploads\/2020\/06\/portada-terratronit.png 1920w\" sizes=\"(max-width: 1024px) 100vw, 1024px\" \/><noscript><img width=\"1024\" height=\"683\" src=\"https:\/\/www.terratronit.com.mx\/blog\/\/wp-content\/uploads\/2020\/06\/portada-terratronit-1024x683.png\" alt=\"\" class=\"wp-image-2692\" srcset=\"https:\/\/www.terratronit.com.mx\/blog\/wp-content\/uploads\/2020\/06\/portada-terratronit-1024x683.png 1024w, https:\/\/www.terratronit.com.mx\/blog\/wp-content\/uploads\/2020\/06\/portada-terratronit-300x200.png 300w, https:\/\/www.terratronit.com.mx\/blog\/wp-content\/uploads\/2020\/06\/portada-terratronit-768x512.png 768w, https:\/\/www.terratronit.com.mx\/blog\/wp-content\/uploads\/2020\/06\/portada-terratronit.png 1920w\" sizes=\"(max-width: 1024px) 100vw, 1024px\" \/><\/noscript><\/figure><\/div>\n<\/div>\n<\/div>\n\n\n\n<div style=\"height:37px\" aria-hidden=\"true\" class=\"wp-block-spacer\"><\/div>\n","protected":false},"excerpt":{"rendered":"<p>Te hacemos una invitaci\u00f3n muy especial para escuchar la repetici\u00f3n del programa \u00abPRENDE Y EMPRENDE\u00bb de Radio UAEH Zimap\u00e1n, en el cual estuvimos platicando de: PASI\u00d3N POR EL SERVICIO Y LA PROGRAMACI\u00d3N C\u00f3mo pasamos a ser 3 mujeres al frente de Terratronit y las labores sociales que realizamos para Asociaci\u00f3n Nacional Treacher Collins LIAM M\u00e9xico, [&hellip;]<\/p>\n","protected":false},"author":1,"featured_media":0,"parent":0,"menu_order":0,"comment_status":"closed","ping_status":"closed","template":"","meta":[],"_links":{"self":[{"href":"https:\/\/www.terratronit.com.mx\/blog\/wp-json\/wp\/v2\/pages\/2698"}],"collection":[{"href":"https:\/\/www.terratronit.com.mx\/blog\/wp-json\/wp\/v2\/pages"}],"about":[{"href":"https:\/\/www.terratronit.com.mx\/blog\/wp-json\/wp\/v2\/types\/page"}],"author":[{"embeddable":true,"href":"https:\/\/www.terratronit.com.mx\/blog\/wp-json\/wp\/v2\/users\/1"}],"replies":[{"embeddable":true,"href":"https:\/\/www.terratronit.com.mx\/blog\/wp-json\/wp\/v2\/comments?post=2698"}],"version-history":[{"count":60,"href":"https:\/\/www.terratronit.com.mx\/blog\/wp-json\/wp\/v2\/pages\/2698\/revisions"}],"predecessor-version":[{"id":3033,"href":"https:\/\/www.terratronit.com.mx\/blog\/wp-json\/wp\/v2\/pages\/2698\/revisions\/3033"}],"wp:attachment":[{"href":"https:\/\/www.terratronit.com.mx\/blog\/wp-json\/wp\/v2\/media?parent=2698"}],"curies":[{"name":"wp","href":"https:\/\/api.w.org\/{rel}","templated":true}]}}